{"id":460,"date":"2021-08-02T17:13:25","date_gmt":"2021-08-02T17:13:25","guid":{"rendered":"https:\/\/christina-felicitas-teibert.art\/?page_id=460"},"modified":"2026-02-26T14:47:39","modified_gmt":"2026-02-26T14:47:39","slug":"vita","status":"publish","type":"page","link":"https:\/\/christina-felicitas-teibert.art\/en\/ueber-mich\/vita\/","title":{"rendered":"Vita"},"content":{"rendered":"<div data-elementor-type=\"wp-page\" data-elementor-id=\"460\" class=\"elementor elementor-460\">\n\t\t\t\t\t\t<section class=\"elementor-section elementor-top-section elementor-element elementor-element-8b22200 elementor-section-boxed elementor-section-height-default elementor-section-height-default\" data-id=\"8b22200\" data-element_type=\"section\" data-e-type=\"section\">\n\t\t\t\t\t\t<div class=\"elementor-container elementor-column-gap-default\">\n\t\t\t\t\t<div class=\"elementor-column elementor-col-50 elementor-top-column elementor-element elementor-element-5188825\" data-id=\"5188825\" data-element_type=\"column\" data-e-type=\"column\">\n\t\t\t<div class=\"elementor-widget-wrap elementor-element-populated\">\n\t\t\t\t\t\t<div class=\"elementor-element elementor-element-b5980f3 elementor-widget elementor-widget-heading\" data-id=\"b5980f3\" data-element_type=\"widget\" data-e-type=\"widget\" data-widget_type=\"heading.default\">\n\t\t\t\t<div class=\"elementor-widget-container\">\n\t\t\t\t\t<h2 class=\"elementor-heading-title elementor-size-large\">Vita Christina Felicitas Teibert<\/h2>\t\t\t\t<\/div>\n\t\t\t\t<\/div>\n\t\t\t\t<div class=\"elementor-element elementor-element-2875b17 elementor-widget elementor-widget-text-editor\" data-id=\"2875b17\" data-element_type=\"widget\" data-e-type=\"widget\" data-widget_type=\"text-editor.default\">\n\t\t\t\t<div class=\"elementor-widget-container\">\n\t\t\t\t\t\t\t\t\t<ul><li>01.07.1988<\/li><li>Austrian artist, born in Linz\/Upper Austria, currently living in Vienna<\/li><\/ul><p>I work at the intersection of art and science, focusing on my \"conservation-art\" projects where I combine scientific research topics with conservation aspects and biodiversity.<\/p><p>In meinen abstrakten Arbeiten, die eine weitere S\u00e4ule meiner k\u00fcnstlerischen T\u00e4tigkeit darstellen, thematisiere ich durch zumeist spontan und intuitiv entstandene Bilder philosophische Themen.<\/p><p>With my clearly structured style, which often uses black lines to separate the individual parts of the image, I aim to highlight the apparent separation of the objects from one another. I'm interested in the overall picture behind this separation. Our world appears as separate subjects and objects, but behind this separation is \"oneness.\"<\/p><p>Mich inspirieren die Natur, die Gesellschaft, philosophische und kulturelle Fragestellungen, Literatur und die Kunst indigener V\u00f6lker.<\/p>\t\t\t\t\t\t\t\t<\/div>\n\t\t\t\t<\/div>\n\t\t\t\t\t<\/div>\n\t\t<\/div>\n\t\t\t\t<div class=\"elementor-column elementor-col-50 elementor-top-column elementor-element elementor-element-f2e4007\" data-id=\"f2e4007\" data-element_type=\"column\" data-e-type=\"column\">\n\t\t\t<div class=\"elementor-widget-wrap elementor-element-populated\">\n\t\t\t\t\t\t<div class=\"elementor-element elementor-element-73a00b6 elementor-widget elementor-widget-image\" data-id=\"73a00b6\" data-element_type=\"widget\" data-e-type=\"widget\" data-widget_type=\"image.default\">\n\t\t\t\t<div class=\"elementor-widget-container\">\n\t\t\t\t\t\t\t\t\t\t\t\t\t\t\t<img fetchpriority=\"high\" decoding=\"async\" width=\"700\" height=\"700\" src=\"https:\/\/christina-felicitas-teibert.art\/wp-content\/uploads\/2023\/05\/946-KB_Zuschnitt2_IMG_20220825_1258016-700x700.jpg\" class=\"attachment-ocean-thumb-l size-ocean-thumb-l wp-image-1000\" alt=\"\" srcset=\"https:\/\/christina-felicitas-teibert.art\/wp-content\/uploads\/2023\/05\/946-KB_Zuschnitt2_IMG_20220825_1258016-700x700.jpg 700w, https:\/\/christina-felicitas-teibert.art\/wp-content\/uploads\/2023\/05\/946-KB_Zuschnitt2_IMG_20220825_1258016-300x300.jpg 300w, https:\/\/christina-felicitas-teibert.art\/wp-content\/uploads\/2023\/05\/946-KB_Zuschnitt2_IMG_20220825_1258016-100x100.jpg 100w, https:\/\/christina-felicitas-teibert.art\/wp-content\/uploads\/2023\/05\/946-KB_Zuschnitt2_IMG_20220825_1258016-150x150.jpg 150w, https:\/\/christina-felicitas-teibert.art\/wp-content\/uploads\/2023\/05\/946-KB_Zuschnitt2_IMG_20220825_1258016-600x600.jpg 600w\" sizes=\"(max-width: 700px) 100vw, 700px\" \/>\t\t\t\t\t\t\t\t\t\t\t\t\t\t\t<\/div>\n\t\t\t\t<\/div>\n\t\t\t\t\t<\/div>\n\t\t<\/div>\n\t\t\t\t\t<\/div>\n\t\t<\/section>\n\t\t\t\t<section class=\"elementor-section elementor-top-section elementor-element elementor-element-2c244c7 elementor-section-boxed elementor-section-height-default elementor-section-height-default\" data-id=\"2c244c7\" data-element_type=\"section\" data-e-type=\"section\">\n\t\t\t\t\t\t<div class=\"elementor-container elementor-column-gap-default\">\n\t\t\t\t\t<div class=\"elementor-column elementor-col-100 elementor-top-column elementor-element elementor-element-141f590\" data-id=\"141f590\" data-element_type=\"column\" data-e-type=\"column\">\n\t\t\t<div class=\"elementor-widget-wrap elementor-element-populated\">\n\t\t\t\t\t\t\t<\/div>\n\t\t<\/div>\n\t\t\t\t\t<\/div>\n\t\t<\/section>\n\t\t\t\t<section class=\"elementor-section elementor-top-section elementor-element elementor-element-33e5ca1 elementor-section-boxed elementor-section-height-default elementor-section-height-default\" data-id=\"33e5ca1\" data-element_type=\"section\" data-e-type=\"section\">\n\t\t\t\t\t\t<div class=\"elementor-container elementor-column-gap-default\">\n\t\t\t\t\t<div class=\"elementor-column elementor-col-100 elementor-top-column elementor-element elementor-element-f5b3943\" data-id=\"f5b3943\" data-element_type=\"column\" data-e-type=\"column\">\n\t\t\t<div class=\"elementor-widget-wrap elementor-element-populated\">\n\t\t\t\t\t\t<div class=\"elementor-element elementor-element-95ee387 elementor-widget elementor-widget-text-editor\" data-id=\"95ee387\" data-element_type=\"widget\" data-e-type=\"widget\" data-widget_type=\"text-editor.default\">\n\t\t\t\t<div class=\"elementor-widget-container\">\n\t\t\t\t\t\t\t\t\t<table width=\"595\"><tbody><tr><td width=\"151\"><p><strong>\u00a07. M\u00e4rz 2026 &#8211; 01.04.2026<\/strong><\/p><\/td><td width=\"444\"><p><strong>\u00a0AUSSTELLUNG &#8222;Die Orchideen des Nationalparks Donau-Auen&#8220;<\/strong><\/p><p><strong>Kunst * Lokal in 2301 Gro\u00df-Enzersdorf, Bischof Berthold Platz 3<\/strong><\/p><p>Vernissage 7 M\u00e4rz.2026 ab 19:00 &#8211; Buffett und Getr\u00e4nke<\/p><p>\u00d6ffnungszeiten Kunst*Lokal immer Mittwoch und Samstag von 9:30 &#8211; 12:30<\/p><\/td><\/tr><\/tbody><\/table><table style=\"height: 1810px;\" width=\"596\"><tbody><tr><td width=\"151\"><h5><strong>\u00a007. Nov. 2025 &#8211; 30. Jan.2026<\/strong><\/h5><\/td><td width=\"444\"><h5>AUSSTELLUNG &#8222;Die Orchideen des Nationalparks Donau-Auen&#8220;<\/h5><h5><strong>Am 11.11.2025 fand die Vernissage der Ausstellung statt.\u00a0<\/strong><\/h5><h5><strong>Bibliothek der Universit\u00e4t f\u00fcr Bodenkultur Wien, Peter-Jordan-Stra\u00dfe 82, 1190 Wien (Exner-Haus, Erdgeschoss links).<\/strong><\/h5><\/td><\/tr><tr><td width=\"151\"><h5><strong>4. Mai 2025 &#8211; 4. August 2025<\/strong><\/h5><\/td><td width=\"444\"><h5><strong>AUSSTELLUNG &#8211; &#8222;Die Orchideen des Nationalparks Donau-Auen&#8220;<\/strong><\/h5><h5><span style=\"font-family: 'Open Sans', sans-serif; font-size: 14px; font-style: normal; font-variant-ligatures: normal; font-variant-caps: normal; font-weight: 600;\">Hotel Schani Salon<\/span><\/h5><h5><strong style=\"font-style: inherit;\">Mariahilfer\u00a0<a style=\"font-style: inherit; font-weight: inherit;\" href=\"https:\/\/goo.gl\/maps\/vJ93ikt6LfkEGmoS9\">Stra\u00dfe 58\u00a0<br \/>1070 Wien, \u00d6sterreich<br \/><\/a><\/strong><\/h5><h5 style=\"font-style: inherit; font-weight: inherit;\"><strong style=\"font-style: inherit;\">Die Vernissage fand am 5. Juni &#8211; &#8222;Tag der Umwelt&#8220; statt.<\/strong><\/h5><\/td><\/tr><tr><td width=\"151\"><h5><strong>Mai 2025<\/strong><\/h5><\/td><td width=\"444\"><h5><strong>Publikation meines ersten Ausstellungskataloges im Eigenverlag.<\/strong><\/h5><h5><strong>\u201eDie Orchideen des Nationalparks Donau-Auen\u201c Ein Naturschutz-Kunstprojekt von Christina Felicitas Teibert<\/strong><\/h5><h5><strong>ISBN: 978-3-200-10494-5 <\/strong><\/h5><h5><strong>(Erh\u00e4ltlich \u00fcber meinen Onlineshop)<\/strong><\/h5><\/td><\/tr><tr><td width=\"151\"><h5><strong>April 2023<\/strong><\/h5><\/td><td width=\"444\"><h5><strong>Start der Selbstst\u00e4ndigkeit als freischaffende K\u00fcnstlerin<\/strong><\/h5><\/td><\/tr><tr><td width=\"151\"><h5><strong>2020 \u2013 2024\/2025<\/strong><\/h5><\/td><td width=\"444\"><h5><strong>Naturschutz-Kunstprojekt: <\/strong><strong>\u201cDie Orchideen des Nationalpark Donau-Auen\u201d<\/strong><\/h5><\/td><\/tr><tr><td width=\"151\"><h5><strong>May 2019 - Oct. 2020<\/strong><\/h5><\/td><td width=\"444\"><h5><strong>Scientific activities in the field of organic cereal breeding, organic farming, and organic chemical agricultural laboratory in Austria and Switzerland.<\/strong><\/h5><\/td><\/tr><tr><td width=\"151\"><h5><strong>Dec. 2018<\/strong><\/h5><\/td><td width=\"444\"><h5 class=\"translation-block\">Receipt of a \"scientific advancement award\" from the City of Vienna (MA 22), 2018 in the field of biodiversity for my master's thesis.<\/h5><\/td><\/tr><tr><td width=\"151\"><h5><strong>Oct. 2013 - Apr. 2018\u00a0\u00a0\u00a0\u00a0 <\/strong><\/h5><\/td><td width=\"444\"><h5><strong>Master in Environment and Bio-Resources Management<\/strong><\/h5><h5>University of Natural Resources and Life Sciences, Vienna (Austria)<\/h5><h5>Graduation 19.04.2018 \u2013 pass with distinction<\/h5><h5><strong><u>Masterarbeit:<\/u> Master thesis: Reproductive success of Anacamptis morio (Orchidaceae) in the Donau-Auen National Park, Austria <em>Anacamptis morio <\/em>(Orchidaceae) in the Donau-Auen National Park, Austria<\/strong><\/h5><\/td><\/tr><tr><td width=\"151\"><h5>Apr. 2015 \u2013 Jan. 2017<\/h5><\/td><td width=\"444\"><h5>A long illness due to a chronic infection with the Epstein-Barr virus delayed my graduation.<\/h5><\/td><\/tr><tr><td width=\"151\"><h5><strong>Oct. 2009 - Aug. 2013<\/strong><\/h5><\/td><td width=\"444\"><h5><strong>Bachelor in Environment and Bio-Resources Management<\/strong><\/h5><h5>University of Natural Resources and Life Sciences, Vienna (Austria)<\/h5><\/td><\/tr><tr><td width=\"151\"><h5><strong>Jan. 2009 \u2013 Aug. 2009<\/strong><\/h5><\/td><td width=\"444\"><h5><strong>Voluntary Year of Social Services, Norway<\/strong><\/h5><h5 class=\"translation-block\">Activities in gardening, agriculture, and forestry, as well as support for people with special needs in their daily lives at <strong>Camphill Hogganvik Landsby<\/strong>(Norwegen).<\/h5><\/td><\/tr><tr><td width=\"151\"><h5><strong>1995 \u2013 2008<\/strong><\/h5><\/td><td width=\"444\"><h5><strong>Waldorf school (Freie Waldorfschule Linz)<\/strong><\/h5><h5>The foundation for my creative work, especially the long-term art classes with Eleonora Pfeiffer (art university graduate) in high school, shaped me.<\/h5><h5>Matriculation 02.07.2008 \u2013 with good results<\/h5><\/td><\/tr><\/tbody><\/table>\t\t\t\t\t\t\t\t<\/div>\n\t\t\t\t<\/div>\n\t\t\t\t\t<\/div>\n\t\t<\/div>\n\t\t\t\t\t<\/div>\n\t\t<\/section>\n\t\t\t\t<\/div>","protected":false},"excerpt":{"rendered":"<p>Vita Christina Felicitas Teibert 01.07.1988 \u00d6sterreichische K\u00fcnstlerin, geboren in Linz\/Ober\u00f6sterreich lebt derzeit in Wien Ich arbeite an der Schnittstelle von Kunst und Wissenschaft mit Fokus auf meine Naturschutz-Kunstprojekte, bei denen ich wissenschaftliche Forschungsthemen mit Naturschutz Aspekten und Biodiversit\u00e4t verbinde. In meinen abstrakten Arbeiten, die eine weitere S\u00e4ule meiner k\u00fcnstlerischen T\u00e4tigkeit darstellen, thematisiere ich durch zumeist [&hellip;]<\/p>\n","protected":false},"author":1,"featured_media":0,"parent":38,"menu_order":0,"comment_status":"closed","ping_status":"closed","template":"","meta":{"ocean_post_layout":"full-screen","ocean_both_sidebars_style":"","ocean_both_sidebars_content_width":0,"ocean_both_sidebars_sidebars_width":0,"ocean_sidebar":"0","ocean_second_sidebar":"0","ocean_disable_margins":"enable","ocean_add_body_class":"","ocean_shortcode_before_top_bar":"","ocean_shortcode_after_top_bar":"","ocean_shortcode_before_header":"","ocean_shortcode_after_header":"","ocean_has_shortcode":"","ocean_shortcode_after_title":"","ocean_shortcode_before_footer_widgets":"","ocean_shortcode_after_footer_widgets":"","ocean_shortcode_before_footer_bottom":"","ocean_shortcode_after_footer_bottom":"","ocean_display_top_bar":"off","ocean_display_header":"default","ocean_header_style":"","ocean_center_header_left_menu":"0","ocean_custom_header_template":"0","ocean_custom_logo":0,"ocean_custom_retina_logo":0,"ocean_custom_logo_max_width":0,"ocean_custom_logo_tablet_max_width":0,"ocean_custom_logo_mobile_max_width":0,"ocean_custom_logo_max_height":0,"ocean_custom_logo_tablet_max_height":0,"ocean_custom_logo_mobile_max_height":0,"ocean_header_custom_menu":"0","ocean_menu_typo_font_family":"0","ocean_menu_typo_font_subset":"","ocean_menu_typo_font_size":0,"ocean_menu_typo_font_size_tablet":0,"ocean_menu_typo_font_size_mobile":0,"ocean_menu_typo_font_size_unit":"px","ocean_menu_typo_font_weight":"","ocean_menu_typo_font_weight_tablet":"","ocean_menu_typo_font_weight_mobile":"","ocean_menu_typo_transform":"","ocean_menu_typo_transform_tablet":"","ocean_menu_typo_transform_mobile":"","ocean_menu_typo_line_height":0,"ocean_menu_typo_line_height_tablet":0,"ocean_menu_typo_line_height_mobile":0,"ocean_menu_typo_line_height_unit":"","ocean_menu_typo_spacing":0,"ocean_menu_typo_spacing_tablet":0,"ocean_menu_typo_spacing_mobile":0,"ocean_menu_typo_spacing_unit":"","ocean_menu_link_color":"","ocean_menu_link_color_hover":"","ocean_menu_link_color_active":"","ocean_menu_link_background":"","ocean_menu_link_hover_background":"","ocean_menu_link_active_background":"","ocean_menu_social_links_bg":"","ocean_menu_social_hover_links_bg":"","ocean_menu_social_links_color":"","ocean_menu_social_hover_links_color":"","ocean_disable_title":"on","ocean_disable_heading":"default","ocean_post_title":"","ocean_post_subheading":"","ocean_post_title_style":"","ocean_post_title_background_color":"","ocean_post_title_background":0,"ocean_post_title_bg_image_position":"","ocean_post_title_bg_image_attachment":"","ocean_post_title_bg_image_repeat":"","ocean_post_title_bg_image_size":"","ocean_post_title_height":0,"ocean_post_title_bg_overlay":0.5,"ocean_post_title_bg_overlay_color":"","ocean_disable_breadcrumbs":"default","ocean_breadcrumbs_color":"","ocean_breadcrumbs_separator_color":"","ocean_breadcrumbs_links_color":"","ocean_breadcrumbs_links_hover_color":"","ocean_display_footer_widgets":"default","ocean_display_footer_bottom":"default","ocean_custom_footer_template":"0","footnotes":""},"class_list":["post-460","page","type-page","status-publish","hentry","entry"],"_links":{"self":[{"href":"https:\/\/christina-felicitas-teibert.art\/en\/wp-json\/wp\/v2\/pages\/460","targetHints":{"allow":["GET"]}}],"collection":[{"href":"https:\/\/christina-felicitas-teibert.art\/en\/wp-json\/wp\/v2\/pages"}],"about":[{"href":"https:\/\/christina-felicitas-teibert.art\/en\/wp-json\/wp\/v2\/types\/page"}],"author":[{"embeddable":true,"href":"https:\/\/christina-felicitas-teibert.art\/en\/wp-json\/wp\/v2\/users\/1"}],"replies":[{"embeddable":true,"href":"https:\/\/christina-felicitas-teibert.art\/en\/wp-json\/wp\/v2\/comments?post=460"}],"version-history":[{"count":67,"href":"https:\/\/christina-felicitas-teibert.art\/en\/wp-json\/wp\/v2\/pages\/460\/revisions"}],"predecessor-version":[{"id":1674,"href":"https:\/\/christina-felicitas-teibert.art\/en\/wp-json\/wp\/v2\/pages\/460\/revisions\/1674"}],"up":[{"embeddable":true,"href":"https:\/\/christina-felicitas-teibert.art\/en\/wp-json\/wp\/v2\/pages\/38"}],"wp:attachment":[{"href":"https:\/\/christina-felicitas-teibert.art\/en\/wp-json\/wp\/v2\/media?parent=460"}],"curies":[{"name":"wp","href":"https:\/\/api.w.org\/{rel}","templated":true}]}}